{"id":1997,"date":"2020-02-17T07:36:33","date_gmt":"2020-02-17T07:36:33","guid":{"rendered":"https:\/\/chartermallorca.es\/routes\/"},"modified":"2021-01-04T22:12:26","modified_gmt":"2021-01-04T22:12:26","slug":"routes","status":"publish","type":"page","link":"https:\/\/chartermallorca.es\/en\/routes\/","title":{"rendered":"Routes"},"content":{"rendered":"\t\t<div data-elementor-type=\"wp-page\" data-elementor-id=\"1997\" class=\"elementor elementor-1997 elementor-103\">\n\t\t\t\t\t\t<section class=\"elementor-section elementor-top-section elementor-element elementor-element-ff94105 elementor-section-full_width elementor-section-height-default elementor-section-height-default\" data-id=\"ff94105\" data-element_type=\"section\">\n\t\t\t\t\t\t<div class=\"elementor-container elementor-column-gap-default\">\n\t\t\t\t\t<div class=\"elementor-column elementor-col-100 elementor-top-column elementor-element elementor-element-beb695a\" data-id=\"beb695a\" data-element_type=\"column\">\n\t\t\t<div class=\"elementor-widget-wrap elementor-element-populated\">\n\t\t\t\t\t\t<div class=\"elementor-element elementor-element-093c6c9 elementor-widget elementor-widget-lanong_our_destination\" data-id=\"093c6c9\" data-element_type=\"widget\" data-widget_type=\"lanong_our_destination.default\">\n\t\t\t\t<div class=\"elementor-widget-container\">\n\t\t\t\t\t\t\t\t\r\n        <!--Destinations Section-->\r\n        <section class=\"destinations-two\">\r\n    \t\t            <div class=\"map-layer\" style=\"background-image: url(http:\/\/chartermallorca.es\/wp-content\/uploads\/2020\/02\/image-4.jpg);\"><\/div>\r\n    \t\t            <div class=\"auto-container\">\r\n                <div class=\"sec-title centered\">\r\n                    <h2>Rutas m\u00e1s solicitadas por <strong>Isla<\/strong><\/h2>\r\n                    <div class=\"lower-text\">Qu\u00e9 te gustar\u00eda descubrir?<\/div>\r\n                <\/div>\r\n    \r\n                <div class=\"destinations-box\">\r\n                    <div class=\"outer-box clearfix\">\r\n                         \r\n                    <\/div>\r\n                <\/div>\r\n                \r\n                        \t<\/div>\r\n        \r\n        <\/section>\r\n                \r\n        \t\t\t\t<\/div>\n\t\t\t\t<\/div>\n\t\t\t\t\t<\/div>\n\t\t<\/div>\n\t\t\t\t\t<\/div>\n\t\t<\/section>\n\t\t\t\t<section class=\"elementor-section elementor-top-section elementor-element elementor-element-e0c682f elementor-section-full_width elementor-section-height-default elementor-section-height-default\" data-id=\"e0c682f\" data-element_type=\"section\">\n\t\t\t\t\t\t<div class=\"elementor-container elementor-column-gap-default\">\n\t\t\t\t\t<div class=\"elementor-column elementor-col-100 elementor-top-column elementor-element elementor-element-22733b3\" data-id=\"22733b3\" data-element_type=\"column\">\n\t\t\t<div class=\"elementor-widget-wrap elementor-element-populated\">\n\t\t\t\t\t\t<div class=\"elementor-element elementor-element-7274a96 elementor-widget elementor-widget-lanong_newsletter_form\" data-id=\"7274a96\" data-element_type=\"widget\" data-widget_type=\"lanong_newsletter_form.default\">\n\t\t\t\t<div class=\"elementor-widget-container\">\n\t\t\t\t\t        \r\n        <!--Subscribe Section-->\r\n        <section class=\"subscribe-section style-three wow fadeInUp\" data-wow-delay=\"0ms\" data-wow-duration=\"1500ms\">\r\n            <div class=\"auto-container\">\r\n                <div class=\"inner\">\r\n                                        <div class=\"image-layer\" style=\"background-image:url(http:\/\/el.commonsupport.com\/newwp\/lanong\/wp-content\/uploads\/2020\/02\/image-12.jpg);\"><\/div>\r\n                                        <div class=\"title\">\r\n                        <h4>Subscribe to our newsletter<\/h4>\r\n                        <div class=\"subtitle\">Subscribe &amp; Get Updates in Your Inbox <\/div>\r\n                    <\/div>\r\n                    <div class=\"default-form subscribe-form-two\">\r\n                        <form method=\"post\" action=\"contact.html\">\r\n                        <div class=\"row clearfix\">        \r\n                                <div class=\"form-group col-lg-4 col-md-6 col-sm-12\">\r\n                                    <div class=\"field-inner\">\r\n                                        <input type=\"text\" name=\"field-name\" placeholder=\"Your Name\" required=\"\">\r\n                                    <\/div>\r\n                                <\/div>\r\n    \r\n                                <div class=\"form-group col-lg-4 col-md-6 col-sm-12\">\r\n                                    <div class=\"field-inner\">\r\n                                    \t<input type=\"hidden\" id=\"uri2\" name=\"uri\" value=\"\">    \r\n                                        <input type=\"email\" name=\"field-name\" placeholder=\"Email Address\" required=\"\">\r\n                                    <\/div>\r\n                                <\/div>\r\n        \r\n                                <div class=\"form-group col-lg-4 col-md-12 col-sm-12\">\r\n                                    <button type=\"submit\" class=\"theme-btn btn-style-three\"><span class=\"btn-title\">Subscribe Now<\/span><\/button>\r\n                                <\/div>\r\n                            <\/div>\r\n                        <\/form>\r\n                    <\/div>\r\n                <\/div>\r\n            <\/div>\r\n        <\/section>\r\n         \r\n\t\t\t\t\t\t<\/div>\n\t\t\t\t<\/div>\n\t\t\t\t\t<\/div>\n\t\t<\/div>\n\t\t\t\t\t<\/div>\n\t\t<\/section>\n\t\t\t\t<\/div>\n\t\t","protected":false},"excerpt":{"rendered":"<p>Rutas m\u00e1s solicitadas por Isla Qu\u00e9 te gustar\u00eda descubrir? Mallorca Mallorca &#8211; 5 Mallorca View All Tours Menorca Menorca &#8211; 2 Menorca View All Tours Ibiza Baleares &#8211; 3 Ibiza View All Tours Formentera &#8211; 2 Formentera View All Tours Subscribe to our newsletter Subscribe &amp; Get Updates in Your Inbox Subscribe Now<\/p>\n","protected":false},"author":1,"featured_media":1762,"parent":0,"menu_order":0,"comment_status":"closed","ping_status":"closed","template":"tpl-default-elementor.php","meta":{"footnotes":""},"class_list":["post-1997","page","type-page","status-publish","has-post-thumbnail","hentry"],"_links":{"self":[{"href":"https:\/\/chartermallorca.es\/en\/wp-json\/wp\/v2\/pages\/1997","targetHints":{"allow":["GET"]}}],"collection":[{"href":"https:\/\/chartermallorca.es\/en\/wp-json\/wp\/v2\/pages"}],"about":[{"href":"https:\/\/chartermallorca.es\/en\/wp-json\/wp\/v2\/types\/page"}],"author":[{"embeddable":true,"href":"https:\/\/chartermallorca.es\/en\/wp-json\/wp\/v2\/users\/1"}],"replies":[{"embeddable":true,"href":"https:\/\/chartermallorca.es\/en\/wp-json\/wp\/v2\/comments?post=1997"}],"version-history":[{"count":3,"href":"https:\/\/chartermallorca.es\/en\/wp-json\/wp\/v2\/pages\/1997\/revisions"}],"predecessor-version":[{"id":2007,"href":"https:\/\/chartermallorca.es\/en\/wp-json\/wp\/v2\/pages\/1997\/revisions\/2007"}],"wp:featuredmedia":[{"embeddable":true,"href":"https:\/\/chartermallorca.es\/en\/wp-json\/wp\/v2\/media\/1762"}],"wp:attachment":[{"href":"https:\/\/chartermallorca.es\/en\/wp-json\/wp\/v2\/media?parent=1997"}],"curies":[{"name":"wp","href":"https:\/\/api.w.org\/{rel}","templated":true}]}}